{"id":65,"date":"2024-11-11T11:16:58","date_gmt":"2024-11-11T11:16:58","guid":{"rendered":"https:\/\/pvz-fusion.online\/?page_id=65"},"modified":"2024-11-11T11:16:59","modified_gmt":"2024-11-11T11:16:59","slug":"pvz-super-hybrid-wiki","status":"publish","type":"page","link":"https:\/\/pvz-fusion.online\/hu\/pvz-super-hybrid-wiki\/","title":{"rendered":"PVZ Super Hybrid Wiki"},"content":{"rendered":"<h2 class=\"wp-block-heading\">Bevezet\u00e9s a szuperhibrid rendszerbe<\/h2>\n\n\n\n<p>A PVZ Super Hybrid a Plants vs. Zombies f\u00fazi\u00f3s \u00e9lm\u00e9ny legfejlettebb evol\u00faci\u00f3j\u00e1t k\u00e9pviseli, a pvz fusion mod elemeit egyes\u00edtve \u00e9s exkluz\u00edv szuperhibrid funkci\u00f3kkal kieg\u00e9sz\u00edtve. Ez a tov\u00e1bbfejlesztett v\u00e1ltozat a pvz fusion hibrid alapjaira \u00e9p\u00edt, mik\u00f6zben forradalmi j\u00e1t\u00e9kmechanik\u00e1kat vezet be.<\/p>\n\n\n\n<figure class=\"wp-block-image size-full\"><img data-recalc-dims=\"1\" loading=\"lazy\" decoding=\"async\" width=\"800\" height=\"450\" src=\"https:\/\/i0.wp.com\/pvz-fusion.online\/wp-content\/uploads\/2024\/11\/screen-0-1-1-1-1-1.jpg?resize=800%2C450&#038;ssl=1\" alt=\"\" class=\"wp-image-66\" srcset=\"https:\/\/i0.wp.com\/pvz-fusion.online\/wp-content\/uploads\/2024\/11\/screen-0-1-1-1-1-1.jpg?w=800&amp;ssl=1 800w, https:\/\/i0.wp.com\/pvz-fusion.online\/wp-content\/uploads\/2024\/11\/screen-0-1-1-1-1-1.jpg?resize=300%2C169&amp;ssl=1 300w, https:\/\/i0.wp.com\/pvz-fusion.online\/wp-content\/uploads\/2024\/11\/screen-0-1-1-1-1-1.jpg?resize=768%2C432&amp;ssl=1 768w, https:\/\/i0.wp.com\/pvz-fusion.online\/wp-content\/uploads\/2024\/11\/screen-0-1-1-1-1-1.jpg?resize=18%2C10&amp;ssl=1 18w\" sizes=\"auto, (max-width: 800px) 100vw, 800px\" \/><\/figure>\n\n\n\n<h2 class=\"wp-block-heading\">Super Hybrid vs Regular Fusion \u00f6sszehasonl\u00edt\u00f3 t\u00e1bl\u00e1zat<\/h2>\n\n\n\n<figure class=\"wp-block-table\"><table class=\"has-fixed-layout\"><thead><tr><th>Jellemz\u0151<\/th><th>PVZ Super Hybrid<\/th><th>PVZ Fusion<\/th><th>Rendszeres hibrid<\/th><\/tr><\/thead><tbody><tr><td>N\u00f6v\u00e9nykombin\u00e1ci\u00f3k<\/td><td>Korl\u00e1tlan<\/td><td>Korl\u00e1tozottan 3<\/td><td>Korl\u00e1tozottan 2<\/td><\/tr><tr><td>K\u00fcl\u00f6nleges k\u00e9pess\u00e9gek<\/td><td>Halad\u00f3<\/td><td>Alapvet\u0151<\/td><td>Standard<\/td><\/tr><tr><td>F\u00fazi\u00f3s szintek<\/td><td>5 szint<\/td><td>3 szint<\/td><td>2 szint<\/td><\/tr><tr><td>Verzi\u00f3<\/td><td>Leg\u00fajabb 2.1.4<\/td><td>PVZ Fusion 2.1.3<\/td><td>Alapvet\u0151<\/td><\/tr><\/tbody><\/table><\/figure>\n\n\n\n<h2 class=\"wp-block-heading\">Szuper hibrid n\u00f6v\u00e9ny kateg\u00f3ri\u00e1k<\/h2>\n\n\n\n<h3 class=\"wp-block-heading\">V\u00e9gs\u0151 szint\u0171 n\u00f6v\u00e9nyek<\/h3>\n\n\n\n<figure class=\"wp-block-image size-full\"><img data-recalc-dims=\"1\" loading=\"lazy\" decoding=\"async\" width=\"800\" height=\"450\" src=\"https:\/\/i0.wp.com\/pvz-fusion.online\/wp-content\/uploads\/2024\/11\/26515eb048e2f1bca8f3-2048x1152-3.jpg?resize=800%2C450&#038;ssl=1\" alt=\"\" class=\"wp-image-67\" srcset=\"https:\/\/i0.wp.com\/pvz-fusion.online\/wp-content\/uploads\/2024\/11\/26515eb048e2f1bca8f3-2048x1152-3.jpg?w=800&amp;ssl=1 800w, https:\/\/i0.wp.com\/pvz-fusion.online\/wp-content\/uploads\/2024\/11\/26515eb048e2f1bca8f3-2048x1152-3.jpg?resize=300%2C169&amp;ssl=1 300w, https:\/\/i0.wp.com\/pvz-fusion.online\/wp-content\/uploads\/2024\/11\/26515eb048e2f1bca8f3-2048x1152-3.jpg?resize=768%2C432&amp;ssl=1 768w, https:\/\/i0.wp.com\/pvz-fusion.online\/wp-content\/uploads\/2024\/11\/26515eb048e2f1bca8f3-2048x1152-3.jpg?resize=18%2C10&amp;ssl=1 18w\" sizes=\"auto, (max-width: 800px) 100vw, 800px\" \/><\/figure>\n\n\n\n<figure class=\"wp-block-table\"><table class=\"has-fixed-layout\"><thead><tr><th>N\u00f6v\u00e9ny neve<\/th><th>Alapk\u00f6vetelm\u00e9nyek<\/th><th>Szuperer\u0151k<\/th><\/tr><\/thead><tbody><tr><td>Legfels\u0151bb bors\u00f3h\u00e1tas<\/td><td>3 hibrid n\u00f6v\u00e9ny<\/td><td>T\u00f6bbs\u00e1vos t\u00e1mad\u00e1s<\/td><\/tr><tr><td>Mester napraforg\u00f3<\/td><td>4 napraforg\u00f3 n\u00f6v\u00e9nyek<\/td><td>Infinite Sun Production<\/td><\/tr><tr><td>V\u00e9gs\u0151 fal-mogyor\u00f3<\/td><td>3 V\u00e9delmi n\u00f6v\u00e9nyek<\/td><td>T\u00f6rhetetlen v\u00e9delem<\/td><\/tr><\/tbody><\/table><\/figure>\n\n\n\n<h3 class=\"wp-block-heading\">Halad\u00f3 szuper kombin\u00e1ci\u00f3k<\/h3>\n\n\n\n<p><em>El\u00e9rhet\u0151 pvz fusion android \u00e9s pvz fusion pc verzi\u00f3ban<\/em><\/p>\n\n\n\n<figure class=\"wp-block-table\"><table class=\"has-fixed-layout\"><thead><tr><th>Kombin\u00e1ci\u00f3<\/th><th>Alkatr\u00e9szek<\/th><th>K\u00fcl\u00f6nleges k\u00e9pess\u00e9g<\/th><\/tr><\/thead><tbody><tr><td>H\u00e1romszoros fenyeget\u00e9s<\/td><td>3 t\u00e1mad\u00f3 n\u00f6v\u00e9ny<\/td><td>Mindenir\u00e1ny\u00fa t\u00e1mad\u00e1s<\/td><\/tr><tr><td>\u0150rangyal<\/td><td>3 V\u00e9delmi n\u00f6v\u00e9nyek<\/td><td>Teljes mez\u0151v\u00e9delem<\/td><\/tr><tr><td>Er\u0151forr\u00e1s kir\u00e1ly<\/td><td>3 napraforg\u00f3 n\u00f6v\u00e9ny<\/td><td>Maxim\u00e1lis er\u0151forr\u00e1s-termel\u00e9s<\/td><\/tr><\/tbody><\/table><\/figure>\n\n\n\n<h2 class=\"wp-block-heading\">Let\u00f6lt\u00e9si \u00e9s telep\u00edt\u00e9si \u00fatmutat\u00f3<\/h2>\n\n\n\n<figure class=\"wp-block-image size-full\"><img data-recalc-dims=\"1\" loading=\"lazy\" decoding=\"async\" width=\"800\" height=\"450\" src=\"https:\/\/i0.wp.com\/pvz-fusion.online\/wp-content\/uploads\/2024\/11\/15398dcb9b9922c77b88-2048x1152-3.jpg?resize=800%2C450&#038;ssl=1\" alt=\"\" class=\"wp-image-68\" srcset=\"https:\/\/i0.wp.com\/pvz-fusion.online\/wp-content\/uploads\/2024\/11\/15398dcb9b9922c77b88-2048x1152-3.jpg?w=800&amp;ssl=1 800w, https:\/\/i0.wp.com\/pvz-fusion.online\/wp-content\/uploads\/2024\/11\/15398dcb9b9922c77b88-2048x1152-3.jpg?resize=300%2C169&amp;ssl=1 300w, https:\/\/i0.wp.com\/pvz-fusion.online\/wp-content\/uploads\/2024\/11\/15398dcb9b9922c77b88-2048x1152-3.jpg?resize=768%2C432&amp;ssl=1 768w, https:\/\/i0.wp.com\/pvz-fusion.online\/wp-content\/uploads\/2024\/11\/15398dcb9b9922c77b88-2048x1152-3.jpg?resize=18%2C10&amp;ssl=1 18w\" sizes=\"auto, (max-width: 800px) 100vw, 800px\" \/><\/figure>\n\n\n\n<h3 class=\"wp-block-heading\">Hivatalos forr\u00e1sok<\/h3>\n\n\n\n<ol class=\"wp-block-list\">\n<li>https:\/\/pvz-fusion.online\/ (aj\u00e1nlott)<\/li>\n\n\n\n<li>J\u00f3v\u00e1hagyott espacioapk pvz fusion forgalmaz\u00f3k<\/li>\n\n\n\n<li>Hivatalos gamebanana csatorn\u00e1k<\/li>\n<\/ol>\n\n\n\n<h3 class=\"wp-block-heading\">Platform-specifikus let\u00f6lt\u00e9sek<\/h3>\n\n\n\n<ul class=\"wp-block-list\">\n<li>PC: Let\u00f6lt\u00e9s pvz fusion pc vagy pvz hybrid pc<\/li>\n\n\n\n<li>Android: pvz fusion apk android: Get pvz fusion apk android<\/li>\n\n\n\n<li>Region\u00e1lis:<\/li>\n\n\n\n<li>Orosz: pvz fusion \u0441\u043a\u0430\u0447\u0430\u0442\u044c<\/li>\n\n\n\n<li>Spanyol: pvz fusion descargar<\/li>\n\n\n\n<li>Indon\u00e9zia: pvz fusion indonesia<\/li>\n<\/ul>\n\n\n\n<figure class=\"wp-block-image size-full\"><img data-recalc-dims=\"1\" loading=\"lazy\" decoding=\"async\" width=\"800\" height=\"450\" src=\"https:\/\/i0.wp.com\/pvz-fusion.online\/wp-content\/uploads\/2024\/11\/487f15a303f1baafe3e0-2.jpg?resize=800%2C450&#038;ssl=1\" alt=\"\" class=\"wp-image-69\" srcset=\"https:\/\/i0.wp.com\/pvz-fusion.online\/wp-content\/uploads\/2024\/11\/487f15a303f1baafe3e0-2.jpg?w=800&amp;ssl=1 800w, https:\/\/i0.wp.com\/pvz-fusion.online\/wp-content\/uploads\/2024\/11\/487f15a303f1baafe3e0-2.jpg?resize=300%2C169&amp;ssl=1 300w, https:\/\/i0.wp.com\/pvz-fusion.online\/wp-content\/uploads\/2024\/11\/487f15a303f1baafe3e0-2.jpg?resize=768%2C432&amp;ssl=1 768w, https:\/\/i0.wp.com\/pvz-fusion.online\/wp-content\/uploads\/2024\/11\/487f15a303f1baafe3e0-2.jpg?resize=18%2C10&amp;ssl=1 18w\" sizes=\"auto, (max-width: 800px) 100vw, 800px\" \/><\/figure>\n\n\n\n<h2 class=\"wp-block-heading\">Super Hybrid exkluz\u00edv jellemz\u0151k t\u00e1bl\u00e1zat<\/h2>\n\n\n\n<figure class=\"wp-block-table\"><table class=\"has-fixed-layout\"><thead><tr><th>Jellemz\u0151<\/th><th>Le\u00edr\u00e1s<\/th><th>El\u00e9rhet\u0151s\u00e9g<\/th><\/tr><\/thead><tbody><tr><td>Korl\u00e1tlan f\u00fazi\u00f3<\/td><td>Kombin\u00e1ljon tetsz\u0151leges sz\u00e1m\u00fa n\u00f6v\u00e9nyt<\/td><td>Csak szuper hibrid<\/td><\/tr><tr><td>Teljes\u00edtm\u00e9ny sk\u00e1l\u00e1z\u00e1s<\/td><td>Dinamikus teljes\u00edtm\u00e9nybe\u00e1ll\u00edt\u00e1s<\/td><td>Minden verzi\u00f3<\/td><\/tr><tr><td>Speci\u00e1lis \u00fczemm\u00f3dok<\/td><td>Exkluz\u00edv csatat\u00edpusok<\/td><td>Super Hybrid 2.1.4<\/td><\/tr><tr><td>Egyedi n\u00f6v\u00e9nyek<\/td><td>Hozzon l\u00e9tre saj\u00e1t n\u00f6v\u00e9nyeket<\/td><td>Pr\u00e9mium verzi\u00f3<\/td><\/tr><\/tbody><\/table><\/figure>\n\n\n\n<h2 class=\"wp-block-heading\">Super Hybrid Plant Evolution rendszer<\/h2>\n\n\n\n<h3 class=\"wp-block-heading\">Evol\u00faci\u00f3s utak<\/h3>\n\n\n\n<ol class=\"wp-block-list\">\n<li>Alapn\u00f6v\u00e9ny \u2192 Hibrid forma<\/li>\n\n\n\n<li>Hibrid \u2192 Szuperhibrid<\/li>\n\n\n\n<li>Szuper hibrid \u2192 V\u00e9gs\u0151 forma<\/li>\n\n\n\n<li>V\u00e9gs\u0151 \u2192 Legfels\u0151bb v\u00e1ltozat<\/li>\n<\/ol>\n\n\n\n<figure class=\"wp-block-image size-full\"><img data-recalc-dims=\"1\" loading=\"lazy\" decoding=\"async\" width=\"800\" height=\"450\" src=\"https:\/\/i0.wp.com\/pvz-fusion.online\/wp-content\/uploads\/2024\/11\/40b74f5f590de053b91c-2048x1152-3.jpg?resize=800%2C450&#038;ssl=1\" alt=\"\" class=\"wp-image-70\" srcset=\"https:\/\/i0.wp.com\/pvz-fusion.online\/wp-content\/uploads\/2024\/11\/40b74f5f590de053b91c-2048x1152-3.jpg?w=800&amp;ssl=1 800w, https:\/\/i0.wp.com\/pvz-fusion.online\/wp-content\/uploads\/2024\/11\/40b74f5f590de053b91c-2048x1152-3.jpg?resize=300%2C169&amp;ssl=1 300w, https:\/\/i0.wp.com\/pvz-fusion.online\/wp-content\/uploads\/2024\/11\/40b74f5f590de053b91c-2048x1152-3.jpg?resize=768%2C432&amp;ssl=1 768w, https:\/\/i0.wp.com\/pvz-fusion.online\/wp-content\/uploads\/2024\/11\/40b74f5f590de053b91c-2048x1152-3.jpg?resize=18%2C10&amp;ssl=1 18w\" sizes=\"auto, (max-width: 800px) 100vw, 800px\" \/><\/figure>\n\n\n\n<h3 class=\"wp-block-heading\">Teljes\u00edtm\u00e9nyszint-\u00f6sszehasonl\u00edt\u00f3 t\u00e1bl\u00e1zat<\/h3>\n\n\n\n<figure class=\"wp-block-table\"><table class=\"has-fixed-layout\"><thead><tr><th>N\u00f6v\u00e9ny t\u00edpusa<\/th><th>T\u00e1mad\u00e1s<\/th><th>V\u00e9delem<\/th><th>K\u00fcl\u00f6nleges<\/th><th>K\u00f6lts\u00e9gek<\/th><\/tr><\/thead><tbody><tr><td>Alapvet\u0151<\/td><td>\u2605\u2605<\/td><td>\u2605\u2605<\/td><td>\u2605<\/td><td>Alacsony<\/td><\/tr><tr><td>Hibrid<\/td><td>\u2605\u2605\u2605<\/td><td>\u2605\u2605\u2605<\/td><td>\u2605\u2605<\/td><td>K\u00f6zepes<\/td><\/tr><tr><td>Szuper hibrid<\/td><td>\u2605\u2605\u2605\u2605\u2605<\/td><td>\u2605\u2605\u2605\u2605\u2605<\/td><td>\u2605\u2605\u2605\u2605<\/td><td>Magas<\/td><\/tr><tr><td>V\u00e9gs\u0151<\/td><td>\u2605\u2605\u2605\u2605\u2605\u2605<\/td><td>\u2605\u2605\u2605\u2605\u2605\u2605<\/td><td>\u2605\u2605\u2605\u2605\u2605<\/td><td>Nagyon magas<\/td><\/tr><\/tbody><\/table><\/figure>\n\n\n\n<h2 class=\"wp-block-heading\">Nyelvi t\u00e1mogat\u00e1s \u00e9s region\u00e1lis jellemz\u0151k<\/h2>\n\n\n\n<h3 class=\"wp-block-heading\">El\u00e9rhet\u0151 nyelvek<\/h3>\n\n\n\n<ul class=\"wp-block-list\">\n<li>Angol (pvz fusion english)<\/li>\n\n\n\n<li>Indon\u00e9z (pvz fusion bahasa indonesia)<\/li>\n\n\n\n<li>Orosz (hibrid mod pvz \u0441\u043a\u0430\u0447\u0430\u0442\u044c)<\/li>\n\n\n\n<li>Spanyol (pvz fusion descargar)<\/li>\n<\/ul>\n\n\n\n<h3 class=\"wp-block-heading\">Region\u00e1lis exkluz\u00edv tartalom t\u00e1bl\u00e1zat<\/h3>\n\n\n\n<figure class=\"wp-block-table\"><table class=\"has-fixed-layout\"><thead><tr><th>R\u00e9gi\u00f3<\/th><th>Exkluz\u00edv n\u00f6v\u00e9nyek<\/th><th>K\u00fcl\u00f6nleges jellemz\u0151k<\/th><\/tr><\/thead><tbody><tr><td>Glob\u00e1lis<\/td><td>Minden alaptartalom<\/td><td>Alapvet\u0151 jellemz\u0151k<\/td><\/tr><tr><td>\u00c1zsia<\/td><td>Tr\u00f3pusi hibridek<\/td><td>Region\u00e1lis esem\u00e9nyek<\/td><\/tr><tr><td>Eur\u00f3pa<\/td><td>T\u00e9li aj\u00e1nlatok<\/td><td>Szezon\u00e1lis tartalom<\/td><\/tr><tr><td>Americas<\/td><td>Sivatagi hibridek<\/td><td>Helyi kih\u00edv\u00e1sok<\/td><\/tr><\/tbody><\/table><\/figure>\n\n\n\n<figure class=\"wp-block-image size-full\"><img data-recalc-dims=\"1\" loading=\"lazy\" decoding=\"async\" width=\"800\" height=\"450\" src=\"https:\/\/i0.wp.com\/pvz-fusion.online\/wp-content\/uploads\/2024\/11\/1ba9db76cd24747a2d35-2.jpg?resize=800%2C450&#038;ssl=1\" alt=\"\" class=\"wp-image-71\" srcset=\"https:\/\/i0.wp.com\/pvz-fusion.online\/wp-content\/uploads\/2024\/11\/1ba9db76cd24747a2d35-2.jpg?w=800&amp;ssl=1 800w, https:\/\/i0.wp.com\/pvz-fusion.online\/wp-content\/uploads\/2024\/11\/1ba9db76cd24747a2d35-2.jpg?resize=300%2C169&amp;ssl=1 300w, https:\/\/i0.wp.com\/pvz-fusion.online\/wp-content\/uploads\/2024\/11\/1ba9db76cd24747a2d35-2.jpg?resize=768%2C432&amp;ssl=1 768w, https:\/\/i0.wp.com\/pvz-fusion.online\/wp-content\/uploads\/2024\/11\/1ba9db76cd24747a2d35-2.jpg?resize=18%2C10&amp;ssl=1 18w\" sizes=\"auto, (max-width: 800px) 100vw, 800px\" \/><\/figure>\n\n\n\n<h2 class=\"wp-block-heading\">Szuper hibrid j\u00e1t\u00e9km\u00f3dok<\/h2>\n\n\n\n<h3 class=\"wp-block-heading\">Standard \u00fczemm\u00f3dok<\/h3>\n\n\n\n<ol class=\"wp-block-list\">\n<li>Kaland m\u00f3d<\/li>\n\n\n\n<li>T\u00fal\u00e9l\u00e9si m\u00f3d<\/li>\n\n\n\n<li>Kih\u00edv\u00e1s m\u00f3d<\/li>\n\n\n\n<li>V\u00e9gtelen m\u00f3d<\/li>\n<\/ol>\n\n\n\n<h3 class=\"wp-block-heading\">Exkluz\u00edv szuper hibrid \u00fczemm\u00f3dok<\/h3>\n\n\n\n<ol class=\"wp-block-list\">\n<li>F\u00fazi\u00f3s laborat\u00f3rium<\/li>\n\n\n\n<li>V\u00e9gs\u0151 kih\u00edv\u00e1s<\/li>\n\n\n\n<li>Mester Ar\u00e9na<\/li>\n\n\n\n<li>Legfels\u0151bb perek<\/li>\n<\/ol>\n\n\n\n<h2 class=\"wp-block-heading\">M\u0171szaki k\u00f6vetelm\u00e9nyek<\/h2>\n\n\n\n<h3 class=\"wp-block-heading\">PC-re (pvz hybrid mod pc)<\/h3>\n\n\n\n<ul class=\"wp-block-list\">\n<li>Windows 7\/8\/10<\/li>\n\n\n\n<li>4GB RAM<\/li>\n\n\n\n<li>1 GB t\u00e1rhely<\/li>\n\n\n\n<li>DirectX 11<\/li>\n<\/ul>\n\n\n\n<h3 class=\"wp-block-heading\">Androidra (pvz fusion mod android)<\/h3>\n\n\n\n<ul class=\"wp-block-list\">\n<li>Android 6.0+<\/li>\n\n\n\n<li>3GB RAM<\/li>\n\n\n\n<li>500MB t\u00e1rhely<\/li>\n<\/ul>\n\n\n\n<h2 class=\"wp-block-heading\">Legfrissebb friss\u00edt\u00e9sek (2.1.4 verzi\u00f3)<\/h2>\n\n\n\n<h3 class=\"wp-block-heading\">\u00daj funkci\u00f3k<\/h3>\n\n\n\n<ol class=\"wp-block-list\">\n<li>Tov\u00e1bbfejlesztett f\u00fazi\u00f3s rendszer<\/li>\n\n\n\n<li>Tov\u00e1bbi szuper n\u00f6v\u00e9nyek<\/li>\n\n\n\n<li>Tov\u00e1bbfejlesztett grafika<\/li>\n\n\n\n<li>\u00daj j\u00e1t\u00e9km\u00f3dok<\/li>\n<\/ol>\n\n\n\n<h3 class=\"wp-block-heading\">Egyens\u00falyi v\u00e1ltoz\u00e1sok<\/h3>\n\n\n\n<ol class=\"wp-block-list\">\n<li>Teljes\u00edtm\u00e9nybe\u00e1ll\u00edt\u00e1sok<\/li>\n\n\n\n<li>K\u00f6lts\u00e9gm\u00f3dos\u00edt\u00e1sok<\/li>\n\n\n\n<li>K\u00e9pess\u00e9g finom\u00edt\u00e1sok<\/li>\n\n\n\n<li>Zombie neh\u00e9zs\u00e9gi sk\u00e1l\u00e1z\u00e1s<\/li>\n<\/ol>\n\n\n\n<h2 class=\"wp-block-heading\">Tippek a szuper hibridek elsaj\u00e1t\u00edt\u00e1s\u00e1hoz<\/h2>\n\n\n\n<h3 class=\"wp-block-heading\">Alapvet\u0151 strat\u00e9gi\u00e1k<\/h3>\n\n\n\n<ol class=\"wp-block-list\">\n<li>Er\u0151forr\u00e1s-gazd\u00e1lkod\u00e1s<\/li>\n\n\n\n<li>A n\u00f6v\u00e9nyek elhelyez\u00e9se<\/li>\n\n\n\n<li>F\u00fazi\u00f3s id\u0151z\u00edt\u00e9s<\/li>\n\n\n\n<li>Energiatakar\u00e9koss\u00e1g<\/li>\n<\/ol>\n\n\n\n<h3 class=\"wp-block-heading\">Halad\u00f3 technik\u00e1k<\/h3>\n\n\n\n<ol class=\"wp-block-list\">\n<li>Multi-f\u00fazi\u00f3s kombin\u00e1ci\u00f3k<\/li>\n\n\n\n<li>Strat\u00e9giai n\u00f6v\u00e9nyfejl\u0151d\u00e9s<\/li>\n\n\n\n<li>Teljes\u00edtm\u00e9nyt\u00fcske kihaszn\u00e1l\u00e1sa<\/li>\n\n\n\n<li>V\u00e9delmi optimaliz\u00e1l\u00e1s<\/li>\n<\/ol>\n\n\n\n<h2 class=\"wp-block-heading\">GYIK a Super Hybrid funkci\u00f3kr\u00f3l<\/h2>\n\n\n\n<ol class=\"wp-block-list\">\n<li><strong>K: Miben k\u00fcl\u00f6nb\u00f6zik a Super Hybrid a pvz f\u00fazi\u00f3s hibridt\u0151l?<\/strong><br>V: A Super Hybrid korl\u00e1tlan n\u00f6v\u00e9nykombin\u00e1ci\u00f3kat \u00e9s tov\u00e1bbfejlesztett k\u00e9pess\u00e9geket k\u00edn\u00e1l.<\/li>\n\n\n\n<li><strong>K: Friss\u00edthetek a hagyom\u00e1nyos hibrid pvz f\u00fazi\u00f3r\u00f3l?<\/strong><br>V: Igen, a hivatalos pvz fusion mod let\u00f6lt\u00e9si folyamaton kereszt\u00fcl.<\/li>\n\n\n\n<li><strong>K: A Super Hybrid el\u00e9rhet\u0151 a pvz fusion androidon?<\/strong><br>V: Igen, a leg\u00fajabb pvz fusion mod apk seg\u00edts\u00e9g\u00e9vel.<\/li>\n<\/ol>\n\n\n\n<h2 class=\"wp-block-heading\">J\u00f6v\u0151beli fejl\u0151d\u00e9s<\/h2>\n\n\n\n<h3 class=\"wp-block-heading\">J\u00f6v\u0151beli funkci\u00f3k<\/h3>\n\n\n\n<ol class=\"wp-block-list\">\n<li>\u00daj szuper hibrid n\u00f6v\u00e9nyek<\/li>\n\n\n\n<li>Tov\u00e1bbfejlesztett f\u00fazi\u00f3s mechanika<\/li>\n\n\n\n<li>Tov\u00e1bbi j\u00e1t\u00e9km\u00f3dok<\/li>\n\n\n\n<li>Tov\u00e1bbfejlesztett t\u00f6bbj\u00e1t\u00e9kos funkci\u00f3k<\/li>\n<\/ol>\n\n\n\n<h3 class=\"wp-block-heading\">Fejleszt\u00e9si \u00fctemterv<\/h3>\n\n\n\n<ul class=\"wp-block-list\">\n<li>Rendszeres friss\u00edt\u00e9sek<\/li>\n\n\n\n<li>K\u00f6z\u00f6ss\u00e9gi jellemz\u0151k<\/li>\n\n\n\n<li>Tov\u00e1bbfejlesztett grafika<\/li>\n\n\n\n<li>\u00daj n\u00f6v\u00e9nykombin\u00e1ci\u00f3k<\/li>\n<\/ul>\n\n\n\n<h2 class=\"wp-block-heading\">K\u00f6vetkeztet\u00e9s<\/h2>\n\n\n\n<p>A PVZ Super Hybrid a Plants vs Zombies f\u00fazi\u00f3s j\u00e1t\u00e9kmenet cs\u00facs\u00e1t k\u00e9pviseli, p\u00e1ratlan m\u00e9lys\u00e9get \u00e9s strat\u00e9giai lehet\u0151s\u00e9geket k\u00edn\u00e1lva. Ak\u00e1r pvz fusion pc-n, ak\u00e1r androidon j\u00e1tszol, a Super Hybrid rendszer olyan tov\u00e1bbfejlesztett j\u00e1t\u00e9k\u00e9lm\u00e9nyt ny\u00fajt, amely a pvz fusion mod szil\u00e1rd alapjaira \u00e9p\u00fcl, mik\u00f6zben forradalmian \u00faj funkci\u00f3kat vezet be.<\/p>\n\n\n\n<p>Ne feledje, hogy a legbiztons\u00e1gosabb \u00e9s legteljesebb \u00e9lm\u00e9ny \u00e9rdek\u00e9ben mindig hivatalos forr\u00e1sb\u00f3l t\u00f6ltse le, mint p\u00e9ld\u00e1ul a https:\/\/pvz-fusion.online\/.<\/p>","protected":false},"excerpt":{"rendered":"<p>Bevezet\u00e9s a Super Hybrid rendszerhez A PVZ Super Hybrid a Plants vs Zombies f\u00fazi\u00f3s \u00e9lm\u00e9ny legfejlettebb evol\u00faci\u00f3j\u00e1t k\u00e9pviseli, amely a pvz fusion mod elemeit \u00f6tv\u00f6zi, \u00e9s exkluz\u00edv super hybrid funkci\u00f3kkal eg\u00e9sz\u00edti ki. Ez a tov\u00e1bbfejlesztett v\u00e1ltozat a pvz fusion hibrid alapjaira \u00e9p\u00fcl, mik\u00f6zben forradalmi j\u00e1t\u00e9kmechanik\u00e1kat vezet be. Super Hybrid vs Regular Fusion \u00f6sszehasonl\u00edt\u00f3 t\u00e1bl\u00e1zat [...]<\/p>","protected":false},"author":1,"featured_media":70,"parent":0,"menu_order":0,"comment_status":"closed","ping_status":"closed","template":"","meta":{"footnotes":""},"class_list":["post-65","page","type-page","status-publish","has-post-thumbnail","hentry"],"jetpack_sharing_enabled":true,"_links":{"self":[{"href":"https:\/\/pvz-fusion.online\/hu\/wp-json\/wp\/v2\/pages\/65","targetHints":{"allow":["GET"]}}],"collection":[{"href":"https:\/\/pvz-fusion.online\/hu\/wp-json\/wp\/v2\/pages"}],"about":[{"href":"https:\/\/pvz-fusion.online\/hu\/wp-json\/wp\/v2\/types\/page"}],"author":[{"embeddable":true,"href":"https:\/\/pvz-fusion.online\/hu\/wp-json\/wp\/v2\/users\/1"}],"replies":[{"embeddable":true,"href":"https:\/\/pvz-fusion.online\/hu\/wp-json\/wp\/v2\/comments?post=65"}],"version-history":[{"count":1,"href":"https:\/\/pvz-fusion.online\/hu\/wp-json\/wp\/v2\/pages\/65\/revisions"}],"predecessor-version":[{"id":72,"href":"https:\/\/pvz-fusion.online\/hu\/wp-json\/wp\/v2\/pages\/65\/revisions\/72"}],"wp:featuredmedia":[{"embeddable":true,"href":"https:\/\/pvz-fusion.online\/hu\/wp-json\/wp\/v2\/media\/70"}],"wp:attachment":[{"href":"https:\/\/pvz-fusion.online\/hu\/wp-json\/wp\/v2\/media?parent=65"}],"curies":[{"name":"wp","href":"https:\/\/api.w.org\/{rel}","templated":true}]}}