{"id":73,"date":"2024-11-11T12:21:28","date_gmt":"2024-11-11T12:21:28","guid":{"rendered":"https:\/\/pvz-fusion.online\/?page_id=73"},"modified":"2025-02-09T09:07:03","modified_gmt":"2025-02-09T09:07:03","slug":"download-pvz-fusion-mod-pc","status":"publish","type":"page","link":"https:\/\/pvz-fusion.online\/cs\/download-pvz-fusion-mod-pc\/","title":{"rendered":"St\u00e1hnout PVZ Fusion 2.2.1 Mod PC"},"content":{"rendered":"<h2 class=\"wp-block-heading has-text-align-center\" id=\"play-sprunki-sprunked-game-online-\ud83d\udd79-free-incredibox-sprunked-mod-games\" style=\"font-size:clamp(0.929rem, 0.929rem + ((1vw - 0.2rem) * 0.785), 1.4rem);\"><strong>St\u00e1hnout nejnov\u011bj\u0161\u00ed Plants vs Zombies Fusion Mod PC<\/strong><\/h2>\n\n\n\n<div class=\"wp-block-group has-global-padding is-layout-constrained wp-container-core-group-is-layout-bea02a06 wp-block-group-is-layout-constrained\">\n<div class=\"wp-block-cover\" style=\"border-radius:20px\"><span aria-hidden=\"true\" class=\"wp-block-cover__background has-contrast-background-color has-background-dim-70 has-background-dim\"><\/span><img data-recalc-dims=\"1\" loading=\"lazy\" decoding=\"async\" width=\"800\" height=\"450\" class=\"wp-block-cover__image-background wp-image-37\" alt=\"\" src=\"https:\/\/i0.wp.com\/pvz-fusion.online\/wp-content\/uploads\/2024\/11\/screen-0-1-1-1-1.jpg?resize=800%2C450&#038;ssl=1\" data-object-fit=\"cover\" srcset=\"https:\/\/i0.wp.com\/pvz-fusion.online\/wp-content\/uploads\/2024\/11\/screen-0-1-1-1-1.jpg?w=800&amp;ssl=1 800w, https:\/\/i0.wp.com\/pvz-fusion.online\/wp-content\/uploads\/2024\/11\/screen-0-1-1-1-1.jpg?resize=300%2C169&amp;ssl=1 300w, https:\/\/i0.wp.com\/pvz-fusion.online\/wp-content\/uploads\/2024\/11\/screen-0-1-1-1-1.jpg?resize=768%2C432&amp;ssl=1 768w, https:\/\/i0.wp.com\/pvz-fusion.online\/wp-content\/uploads\/2024\/11\/screen-0-1-1-1-1.jpg?resize=18%2C10&amp;ssl=1 18w\" sizes=\"auto, (max-width: 800px) 100vw, 800px\" \/><div class=\"wp-block-cover__inner-container has-global-padding is-layout-constrained wp-container-core-cover-is-layout-d8871de8 wp-block-cover-is-layout-constrained\">\n<div class=\"wp-block-group has-global-padding is-layout-constrained wp-block-group-is-layout-constrained\" style=\"margin-top:0;margin-bottom:0\">\n<figure class=\"wp-block-image aligncenter size-full is-resized\"><img data-recalc-dims=\"1\" loading=\"lazy\" decoding=\"async\" width=\"300\" height=\"300\" src=\"https:\/\/i0.wp.com\/pvz-fusion.online\/wp-content\/uploads\/2024\/11\/WX20241111-143804_2x-removebg-preview-1.png?resize=300%2C300&#038;ssl=1\" alt=\"\" class=\"wp-image-42\" style=\"width:150px\" srcset=\"https:\/\/i0.wp.com\/pvz-fusion.online\/wp-content\/uploads\/2024\/11\/WX20241111-143804_2x-removebg-preview-1.png?w=300&amp;ssl=1 300w, https:\/\/i0.wp.com\/pvz-fusion.online\/wp-content\/uploads\/2024\/11\/WX20241111-143804_2x-removebg-preview-1.png?resize=150%2C150&amp;ssl=1 150w, https:\/\/i0.wp.com\/pvz-fusion.online\/wp-content\/uploads\/2024\/11\/WX20241111-143804_2x-removebg-preview-1.png?resize=12%2C12&amp;ssl=1 12w\" sizes=\"auto, (max-width: 300px) 100vw, 300px\" \/><\/figure>\n\n\n\n<p class=\"has-text-align-center\">St\u00e1hn\u011bte si PVZ Fusion 2.2.1 mod pro PC, super hybridn\u00ed hru Plants vs Zombies. Z\u00edskejte pvz fusion mod pro PC &amp; Android APK. Hrajte PVZ fusion 2.2.1 se super hybridn\u00ed hrou<\/p>\n\n\n\n<div class=\"wp-block-buttons alignwide is-content-justification-center is-layout-flex wp-container-core-buttons-is-layout-a89b3969 wp-block-buttons-is-layout-flex\">\n<div class=\"wp-block-button has-custom-font-size has-medium-font-size\"><a class=\"wp-block-button__link wp-element-button\" href=\"https:\/\/pvzfusion.net\/file\/PC_PVZ-Fusion-2.2.1-PVZFusion.net.zip\" style=\"border-radius:10px;padding-top:var(--wp--preset--spacing--10);padding-right:var(--wp--preset--spacing--40);padding-bottom:var(--wp--preset--spacing--10);padding-left:var(--wp--preset--spacing--40)\" target=\"_blank\" rel=\"noreferrer noopener\">\u23ec PVZ Fusion Mod PC 2.2.1 (445 MB)<\/a><\/div>\n<\/div>\n<\/div>\n<\/div><\/div>\n<\/div>\n\n\n\n<div style=\"height:20px\" aria-hidden=\"true\" class=\"wp-block-spacer\"><\/div>\n\n\n\n<h2 class=\"wp-block-heading has-text-align-center\" id=\"play-sprunki-sprunked-game-online-\ud83d\udd79-free-incredibox-sprunked-mod-games\" style=\"font-size:clamp(0.929rem, 0.929rem + ((1vw - 0.2rem) * 0.785), 1.4rem);\"><strong>St\u00e1hnout star\u0161\u00ed Plants vs Zombies Fusion Mod PC<\/strong><\/h2>\n\n\n\n<div class=\"wp-block-buttons alignwide is-content-justification-center is-layout-flex wp-container-core-buttons-is-layout-a89b3969 wp-block-buttons-is-layout-flex\">\n<div class=\"wp-block-button has-custom-font-size has-medium-font-size\"><a class=\"wp-block-button__link wp-element-button\" href=\"https:\/\/www.mediafire.com\/file\/uwku5sl8dr8uzpl\/PvZ+Fusion+v1.2.zip\/file\" style=\"border-radius:10px;padding-top:var(--wp--preset--spacing--10);padding-right:var(--wp--preset--spacing--40);padding-bottom:var(--wp--preset--spacing--10);padding-left:var(--wp--preset--spacing--40)\" target=\"_blank\" rel=\"noreferrer noopener\">\u23ec PVZ Fusion PC v1.2 (125 MB)<\/a><\/div>\n<\/div>\n\n\n\n<div class=\"wp-block-buttons alignwide is-content-justification-center is-layout-flex wp-container-core-buttons-is-layout-a89b3969 wp-block-buttons-is-layout-flex\">\n<div class=\"wp-block-button has-custom-font-size has-medium-font-size\"><a class=\"wp-block-button__link wp-element-button\" href=\"https:\/\/www.mediafire.com\/file\/yg82vry2ou9nbrs\/PvZ+Fusion+1.1.zip\/file\" style=\"border-radius:10px;padding-top:var(--wp--preset--spacing--10);padding-right:var(--wp--preset--spacing--40);padding-bottom:var(--wp--preset--spacing--10);padding-left:var(--wp--preset--spacing--40)\" target=\"_blank\" rel=\"noreferrer noopener\">\u23ec PVZ Fusion PC v1.1 (95 MB)<\/a><\/div>\n<\/div>\n\n\n\n<div style=\"height:20px\" aria-hidden=\"true\" class=\"wp-block-spacer\"><\/div>\n\n\n\n<h2 class=\"wp-block-heading has-text-align-center\" id=\"play-sprunki-sprunked-game-online-\ud83d\udd79-free-incredibox-sprunked-mod-games\" style=\"font-size:clamp(0.929rem, 0.929rem + ((1vw - 0.2rem) * 0.785), 1.4rem);\"><strong>St\u00e1hnout PVZ Fusion Android APK<\/strong><\/h2>\n\n\n\n<div class=\"wp-block-buttons alignwide is-content-justification-center is-layout-flex wp-container-core-buttons-is-layout-a89b3969 wp-block-buttons-is-layout-flex\">\n<div class=\"wp-block-button has-custom-font-size has-medium-font-size\"><a class=\"wp-block-button__link wp-element-button\" href=\"https:\/\/pvz-fusion.online\/cs\/download-pvz-fusion-mod-android-apk\/\" style=\"border-radius:10px;padding-top:var(--wp--preset--spacing--10);padding-right:var(--wp--preset--spacing--40);padding-bottom:var(--wp--preset--spacing--10);padding-left:var(--wp--preset--spacing--40)\" target=\"_blank\" rel=\"noreferrer noopener\">\ud83d\udcf2 St\u00e1hnout PVZ Fusion Mod Android APK<\/a><\/div>\n<\/div>\n\n\n\n<p class=\"has-text-align-center\"><\/p>","protected":false},"excerpt":{"rendered":"<p>St\u00e1hnout nejnov\u011bj\u0161\u00ed Plants vs Zombies Fusion Mod PC St\u00e1hnout star\u0161\u00ed Plants vs Zombies Fusion Mod PC St\u00e1hnout PVZ Fusion Android APK<\/p>","protected":false},"author":1,"featured_media":42,"parent":0,"menu_order":0,"comment_status":"closed","ping_status":"closed","template":"","meta":{"footnotes":""},"class_list":["post-73","page","type-page","status-publish","has-post-thumbnail","hentry"],"jetpack_sharing_enabled":true,"_links":{"self":[{"href":"https:\/\/pvz-fusion.online\/cs\/wp-json\/wp\/v2\/pages\/73","targetHints":{"allow":["GET"]}}],"collection":[{"href":"https:\/\/pvz-fusion.online\/cs\/wp-json\/wp\/v2\/pages"}],"about":[{"href":"https:\/\/pvz-fusion.online\/cs\/wp-json\/wp\/v2\/types\/page"}],"author":[{"embeddable":true,"href":"https:\/\/pvz-fusion.online\/cs\/wp-json\/wp\/v2\/users\/1"}],"replies":[{"embeddable":true,"href":"https:\/\/pvz-fusion.online\/cs\/wp-json\/wp\/v2\/comments?post=73"}],"version-history":[{"count":3,"href":"https:\/\/pvz-fusion.online\/cs\/wp-json\/wp\/v2\/pages\/73\/revisions"}],"predecessor-version":[{"id":132,"href":"https:\/\/pvz-fusion.online\/cs\/wp-json\/wp\/v2\/pages\/73\/revisions\/132"}],"wp:featuredmedia":[{"embeddable":true,"href":"https:\/\/pvz-fusion.online\/cs\/wp-json\/wp\/v2\/media\/42"}],"wp:attachment":[{"href":"https:\/\/pvz-fusion.online\/cs\/wp-json\/wp\/v2\/media?parent=73"}],"curies":[{"name":"wp","href":"https:\/\/api.w.org\/{rel}","templated":true}]}}