{"id":65,"date":"2024-11-11T11:16:58","date_gmt":"2024-11-11T11:16:58","guid":{"rendered":"https:\/\/pvz-fusion.online\/?page_id=65"},"modified":"2024-11-11T11:16:59","modified_gmt":"2024-11-11T11:16:59","slug":"pvz-super-hybrid-wiki","status":"publish","type":"page","link":"https:\/\/pvz-fusion.online\/cs\/pvz-super-hybrid-wiki\/","title":{"rendered":"PVZ Super Hybrid Wiki"},"content":{"rendered":"<h2 class=\"wp-block-heading\">\u00davod do superhybridn\u00edho syst\u00e9mu<\/h2>\n\n\n\n<p>PVZ Super Hybrid p\u0159edstavuje nejpokro\u010dilej\u0161\u00ed evoluci hry Plants vs Zombies fusion, kter\u00e1 kombinuje prvky z m\u00f3du pvz fusion a p\u0159id\u00e1v\u00e1 exkluzivn\u00ed funkce super hybridu. Tato vylep\u0161en\u00e1 verze stav\u00ed na z\u00e1kladech hybridn\u00ed pvz fusion a z\u00e1rove\u0148 zav\u00e1d\u00ed revolu\u010dn\u00ed hern\u00ed mechanismy.<\/p>\n\n\n\n<figure class=\"wp-block-image size-full\"><img data-recalc-dims=\"1\" loading=\"lazy\" decoding=\"async\" width=\"800\" height=\"450\" src=\"https:\/\/i0.wp.com\/pvz-fusion.online\/wp-content\/uploads\/2024\/11\/screen-0-1-1-1-1-1.jpg?resize=800%2C450&#038;ssl=1\" alt=\"\" class=\"wp-image-66\" srcset=\"https:\/\/i0.wp.com\/pvz-fusion.online\/wp-content\/uploads\/2024\/11\/screen-0-1-1-1-1-1.jpg?w=800&amp;ssl=1 800w, https:\/\/i0.wp.com\/pvz-fusion.online\/wp-content\/uploads\/2024\/11\/screen-0-1-1-1-1-1.jpg?resize=300%2C169&amp;ssl=1 300w, https:\/\/i0.wp.com\/pvz-fusion.online\/wp-content\/uploads\/2024\/11\/screen-0-1-1-1-1-1.jpg?resize=768%2C432&amp;ssl=1 768w, https:\/\/i0.wp.com\/pvz-fusion.online\/wp-content\/uploads\/2024\/11\/screen-0-1-1-1-1-1.jpg?resize=18%2C10&amp;ssl=1 18w\" sizes=\"auto, (max-width: 800px) 100vw, 800px\" \/><\/figure>\n\n\n\n<h2 class=\"wp-block-heading\">Srovn\u00e1vac\u00ed tabulka Super Hybrid vs. b\u011b\u017en\u00fd Fusion<\/h2>\n\n\n\n<figure class=\"wp-block-table\"><table class=\"has-fixed-layout\"><thead><tr><th>Funkce<\/th><th>PVZ Super Hybrid<\/th><th>PVZ Fusion<\/th><th>Pravideln\u00fd hybrid<\/th><\/tr><\/thead><tbody><tr><td>Kombinace rostlin<\/td><td>Neomezen\u00e9<\/td><td>Omezeno na 3<\/td><td>Omezeno na 2<\/td><\/tr><tr><td>Zvl\u00e1\u0161tn\u00ed schopnosti<\/td><td>Pokro\u010dil\u00e9<\/td><td>Z\u00e1kladn\u00ed<\/td><td>Standardn\u00ed<\/td><\/tr><tr><td>\u00darovn\u011b f\u00faze<\/td><td>5 \u00farovn\u00ed<\/td><td>3 \u00farovn\u011b<\/td><td>2 \u00farovn\u011b<\/td><\/tr><tr><td>Verze<\/td><td>Nejnov\u011bj\u0161\u00ed verze 2.1.4<\/td><td>PVZ Fusion 2.1.3<\/td><td>Z\u00e1kladn\u00ed<\/td><\/tr><\/tbody><\/table><\/figure>\n\n\n\n<h2 class=\"wp-block-heading\">Kategorie superhybridn\u00edch rostlin<\/h2>\n\n\n\n<h3 class=\"wp-block-heading\">Rostliny nejvy\u0161\u0161\u00ed \u00farovn\u011b<\/h3>\n\n\n\n<figure class=\"wp-block-image size-full\"><img data-recalc-dims=\"1\" loading=\"lazy\" decoding=\"async\" width=\"800\" height=\"450\" src=\"https:\/\/i0.wp.com\/pvz-fusion.online\/wp-content\/uploads\/2024\/11\/26515eb048e2f1bca8f3-2048x1152-3.jpg?resize=800%2C450&#038;ssl=1\" alt=\"\" class=\"wp-image-67\" srcset=\"https:\/\/i0.wp.com\/pvz-fusion.online\/wp-content\/uploads\/2024\/11\/26515eb048e2f1bca8f3-2048x1152-3.jpg?w=800&amp;ssl=1 800w, https:\/\/i0.wp.com\/pvz-fusion.online\/wp-content\/uploads\/2024\/11\/26515eb048e2f1bca8f3-2048x1152-3.jpg?resize=300%2C169&amp;ssl=1 300w, https:\/\/i0.wp.com\/pvz-fusion.online\/wp-content\/uploads\/2024\/11\/26515eb048e2f1bca8f3-2048x1152-3.jpg?resize=768%2C432&amp;ssl=1 768w, https:\/\/i0.wp.com\/pvz-fusion.online\/wp-content\/uploads\/2024\/11\/26515eb048e2f1bca8f3-2048x1152-3.jpg?resize=18%2C10&amp;ssl=1 18w\" sizes=\"auto, (max-width: 800px) 100vw, 800px\" \/><\/figure>\n\n\n\n<figure class=\"wp-block-table\"><table class=\"has-fixed-layout\"><thead><tr><th>N\u00e1zev rostliny<\/th><th>Z\u00e1kladn\u00ed po\u017eadavky<\/th><th>Super s\u00edly<\/th><\/tr><\/thead><tbody><tr><td>Supreme Peashooter<\/td><td>3 hybridn\u00ed rostliny<\/td><td>\u00datok ve v\u00edce j\u00edzdn\u00edch pruz\u00edch<\/td><\/tr><tr><td>Mistr slune\u010dnice<\/td><td>4 slune\u010dn\u00ed rostliny<\/td><td>Produkce Infinite Sun<\/td><\/tr><tr><td>Ultimate Wall-nut<\/td><td>3 obrann\u00e9 rostliny<\/td><td>Nezlomn\u00e1 obrana<\/td><\/tr><\/tbody><\/table><\/figure>\n\n\n\n<h3 class=\"wp-block-heading\">Pokro\u010dil\u00e9 superkombinace<\/h3>\n\n\n\n<p><em>K dispozici ve verz\u00edch pvz fusion pro android a pvz fusion pro PC<\/em><\/p>\n\n\n\n<figure class=\"wp-block-table\"><table class=\"has-fixed-layout\"><thead><tr><th>Kombinace<\/th><th>Komponenty<\/th><th>Zvl\u00e1\u0161tn\u00ed schopnost<\/th><\/tr><\/thead><tbody><tr><td>Trojit\u00e1 hrozba<\/td><td>3 \u00fato\u010dn\u00e9 rostliny<\/td><td>V\u0161esm\u011brov\u00fd \u00fatok<\/td><\/tr><tr><td>And\u011bl str\u00e1\u017en\u00fd<\/td><td>3 obrann\u00e9 rostliny<\/td><td>\u00dapln\u00e1 ochrana pole<\/td><\/tr><tr><td>Kr\u00e1l zdroj\u016f<\/td><td>3 slune\u010dn\u00ed rostliny<\/td><td>Maxim\u00e1ln\u00ed tvorba zdroj\u016f<\/td><\/tr><\/tbody><\/table><\/figure>\n\n\n\n<h2 class=\"wp-block-heading\">Sta\u017een\u00ed a pr\u016fvodce instalac\u00ed<\/h2>\n\n\n\n<figure class=\"wp-block-image size-full\"><img data-recalc-dims=\"1\" loading=\"lazy\" decoding=\"async\" width=\"800\" height=\"450\" src=\"https:\/\/i0.wp.com\/pvz-fusion.online\/wp-content\/uploads\/2024\/11\/15398dcb9b9922c77b88-2048x1152-3.jpg?resize=800%2C450&#038;ssl=1\" alt=\"\" class=\"wp-image-68\" srcset=\"https:\/\/i0.wp.com\/pvz-fusion.online\/wp-content\/uploads\/2024\/11\/15398dcb9b9922c77b88-2048x1152-3.jpg?w=800&amp;ssl=1 800w, https:\/\/i0.wp.com\/pvz-fusion.online\/wp-content\/uploads\/2024\/11\/15398dcb9b9922c77b88-2048x1152-3.jpg?resize=300%2C169&amp;ssl=1 300w, https:\/\/i0.wp.com\/pvz-fusion.online\/wp-content\/uploads\/2024\/11\/15398dcb9b9922c77b88-2048x1152-3.jpg?resize=768%2C432&amp;ssl=1 768w, https:\/\/i0.wp.com\/pvz-fusion.online\/wp-content\/uploads\/2024\/11\/15398dcb9b9922c77b88-2048x1152-3.jpg?resize=18%2C10&amp;ssl=1 18w\" sizes=\"auto, (max-width: 800px) 100vw, 800px\" \/><\/figure>\n\n\n\n<h3 class=\"wp-block-heading\">Ofici\u00e1ln\u00ed zdroje<\/h3>\n\n\n\n<ol class=\"wp-block-list\">\n<li>https:\/\/pvz-fusion.online\/ (doporu\u010deno)<\/li>\n\n\n\n<li>Schv\u00e1len\u00e9 espacioapk pvz fusion distributory<\/li>\n\n\n\n<li>Ofici\u00e1ln\u00ed kan\u00e1ly gamebanana<\/li>\n<\/ol>\n\n\n\n<h3 class=\"wp-block-heading\">Stahov\u00e1n\u00ed pro konkr\u00e9tn\u00ed platformu<\/h3>\n\n\n\n<ul class=\"wp-block-list\">\n<li>PC: St\u00e1hnout pvz fusion pc nebo pvz hybrid pc<\/li>\n\n\n\n<li>Android: Z\u00edskat pvz fusion apk android<\/li>\n\n\n\n<li>Region\u00e1ln\u00ed:<\/li>\n\n\n\n<li>rusky: pvz fusion \u0441\u043a\u0430\u0447\u0430\u0442\u044c<\/li>\n\n\n\n<li>\u0160pan\u011blsky: pvz fusion descargar<\/li>\n\n\n\n<li>Indon\u00e9\u0161tina: pvz fusion indonesia<\/li>\n<\/ul>\n\n\n\n<figure class=\"wp-block-image size-full\"><img data-recalc-dims=\"1\" loading=\"lazy\" decoding=\"async\" width=\"800\" height=\"450\" src=\"https:\/\/i0.wp.com\/pvz-fusion.online\/wp-content\/uploads\/2024\/11\/487f15a303f1baafe3e0-2.jpg?resize=800%2C450&#038;ssl=1\" alt=\"\" class=\"wp-image-69\" srcset=\"https:\/\/i0.wp.com\/pvz-fusion.online\/wp-content\/uploads\/2024\/11\/487f15a303f1baafe3e0-2.jpg?w=800&amp;ssl=1 800w, https:\/\/i0.wp.com\/pvz-fusion.online\/wp-content\/uploads\/2024\/11\/487f15a303f1baafe3e0-2.jpg?resize=300%2C169&amp;ssl=1 300w, https:\/\/i0.wp.com\/pvz-fusion.online\/wp-content\/uploads\/2024\/11\/487f15a303f1baafe3e0-2.jpg?resize=768%2C432&amp;ssl=1 768w, https:\/\/i0.wp.com\/pvz-fusion.online\/wp-content\/uploads\/2024\/11\/487f15a303f1baafe3e0-2.jpg?resize=18%2C10&amp;ssl=1 18w\" sizes=\"auto, (max-width: 800px) 100vw, 800px\" \/><\/figure>\n\n\n\n<h2 class=\"wp-block-heading\">Tabulka exkluzivn\u00edch funkc\u00ed Super Hybrid<\/h2>\n\n\n\n<figure class=\"wp-block-table\"><table class=\"has-fixed-layout\"><thead><tr><th>Funkce<\/th><th>Popis<\/th><th>Dostupnost<\/th><\/tr><\/thead><tbody><tr><td>Neomezen\u00e1 f\u00faze<\/td><td>Kombinujte libovoln\u00fd po\u010det rostlin<\/td><td>Pouze Super Hybrid<\/td><\/tr><tr><td>\u0160k\u00e1lov\u00e1n\u00ed v\u00fdkonu<\/td><td>Dynamick\u00e9 nastaven\u00ed v\u00fdkonu<\/td><td>V\u0161echny verze<\/td><\/tr><tr><td>Speci\u00e1ln\u00ed re\u017eimy<\/td><td>Exkluzivn\u00ed typy bitev<\/td><td>Super Hybrid 2.1.4<\/td><\/tr><tr><td>Vlastn\u00ed rostliny<\/td><td>Vytvo\u0159te si vlastn\u00ed rostliny<\/td><td>Verze Premium<\/td><\/tr><\/tbody><\/table><\/figure>\n\n\n\n<h2 class=\"wp-block-heading\">Syst\u00e9m Super Hybrid Plant Evolution<\/h2>\n\n\n\n<h3 class=\"wp-block-heading\">Cesty v\u00fdvoje<\/h3>\n\n\n\n<ol class=\"wp-block-list\">\n<li>Z\u00e1kladn\u00ed rostlina \u2192 Hybridn\u00ed forma<\/li>\n\n\n\n<li>Hybrid \u2192 Superhybrid<\/li>\n\n\n\n<li>Superhybrid \u2192 Ultim\u00e1tn\u00ed forma<\/li>\n\n\n\n<li>Ultimate \u2192 Nejvy\u0161\u0161\u00ed verze<\/li>\n<\/ol>\n\n\n\n<figure class=\"wp-block-image size-full\"><img data-recalc-dims=\"1\" loading=\"lazy\" decoding=\"async\" width=\"800\" height=\"450\" src=\"https:\/\/i0.wp.com\/pvz-fusion.online\/wp-content\/uploads\/2024\/11\/40b74f5f590de053b91c-2048x1152-3.jpg?resize=800%2C450&#038;ssl=1\" alt=\"\" class=\"wp-image-70\" srcset=\"https:\/\/i0.wp.com\/pvz-fusion.online\/wp-content\/uploads\/2024\/11\/40b74f5f590de053b91c-2048x1152-3.jpg?w=800&amp;ssl=1 800w, https:\/\/i0.wp.com\/pvz-fusion.online\/wp-content\/uploads\/2024\/11\/40b74f5f590de053b91c-2048x1152-3.jpg?resize=300%2C169&amp;ssl=1 300w, https:\/\/i0.wp.com\/pvz-fusion.online\/wp-content\/uploads\/2024\/11\/40b74f5f590de053b91c-2048x1152-3.jpg?resize=768%2C432&amp;ssl=1 768w, https:\/\/i0.wp.com\/pvz-fusion.online\/wp-content\/uploads\/2024\/11\/40b74f5f590de053b91c-2048x1152-3.jpg?resize=18%2C10&amp;ssl=1 18w\" sizes=\"auto, (max-width: 800px) 100vw, 800px\" \/><\/figure>\n\n\n\n<h3 class=\"wp-block-heading\">Srovn\u00e1vac\u00ed tabulka \u00farovn\u00ed v\u00fdkonu<\/h3>\n\n\n\n<figure class=\"wp-block-table\"><table class=\"has-fixed-layout\"><thead><tr><th>Typ rostliny<\/th><th>\u00datok<\/th><th>Obrana<\/th><th>Speci\u00e1ln\u00ed<\/th><th>N\u00e1klady<\/th><\/tr><\/thead><tbody><tr><td>Z\u00e1kladn\u00ed<\/td><td>\u2605\u2605<\/td><td>\u2605\u2605<\/td><td>\u2605<\/td><td>N\u00edzk\u00e1<\/td><\/tr><tr><td>Hybridn\u00ed<\/td><td>\u2605\u2605\u2605<\/td><td>\u2605\u2605\u2605<\/td><td>\u2605\u2605<\/td><td>St\u0159edn\u00ed<\/td><\/tr><tr><td>Super hybrid<\/td><td>\u2605\u2605\u2605\u2605\u2605<\/td><td>\u2605\u2605\u2605\u2605\u2605<\/td><td>\u2605\u2605\u2605\u2605<\/td><td>Vysok\u00e1<\/td><\/tr><tr><td>Ultimate<\/td><td>\u2605\u2605\u2605\u2605\u2605\u2605<\/td><td>\u2605\u2605\u2605\u2605\u2605\u2605<\/td><td>\u2605\u2605\u2605\u2605\u2605<\/td><td>Velmi vysok\u00e1<\/td><\/tr><\/tbody><\/table><\/figure>\n\n\n\n<h2 class=\"wp-block-heading\">Podpora jazyk\u016f a region\u00e1ln\u00ed funkce<\/h2>\n\n\n\n<h3 class=\"wp-block-heading\">Dostupn\u00e9 jazyky<\/h3>\n\n\n\n<ul class=\"wp-block-list\">\n<li>Angli\u010dtina (pvz fusion english)<\/li>\n\n\n\n<li>Indon\u00e9\u0161tina (pvz fusion bahasa indonesia)<\/li>\n\n\n\n<li>Rusk\u00fd (hybridn\u00ed mod pvz \u0441\u043a\u0430\u0447\u0430\u0442\u044c)<\/li>\n\n\n\n<li>\u0160pan\u011bl\u0161tina (pvz fusion descargar)<\/li>\n<\/ul>\n\n\n\n<h3 class=\"wp-block-heading\">Tabulka region\u00e1ln\u00edho exkluzivn\u00edho obsahu<\/h3>\n\n\n\n<figure class=\"wp-block-table\"><table class=\"has-fixed-layout\"><thead><tr><th>Region<\/th><th>Exkluzivn\u00ed rostliny<\/th><th>Speci\u00e1ln\u00ed funkce<\/th><\/tr><\/thead><tbody><tr><td>Glob\u00e1ln\u00ed<\/td><td>Ve\u0161ker\u00fd z\u00e1kladn\u00ed obsah<\/td><td>Standardn\u00ed funkce<\/td><\/tr><tr><td>Asia<\/td><td>Tropick\u00e9 hybridy<\/td><td>Region\u00e1ln\u00ed akce<\/td><\/tr><tr><td>Evropa<\/td><td>Zimn\u00ed speci\u00e1ln\u00ed nab\u00eddky<\/td><td>Sez\u00f3nn\u00ed obsah<\/td><\/tr><tr><td>Americas<\/td><td>Pou\u0161tn\u00ed hybridy<\/td><td>M\u00edstn\u00ed v\u00fdzvy<\/td><\/tr><\/tbody><\/table><\/figure>\n\n\n\n<figure class=\"wp-block-image size-full\"><img data-recalc-dims=\"1\" loading=\"lazy\" decoding=\"async\" width=\"800\" height=\"450\" src=\"https:\/\/i0.wp.com\/pvz-fusion.online\/wp-content\/uploads\/2024\/11\/1ba9db76cd24747a2d35-2.jpg?resize=800%2C450&#038;ssl=1\" alt=\"\" class=\"wp-image-71\" srcset=\"https:\/\/i0.wp.com\/pvz-fusion.online\/wp-content\/uploads\/2024\/11\/1ba9db76cd24747a2d35-2.jpg?w=800&amp;ssl=1 800w, https:\/\/i0.wp.com\/pvz-fusion.online\/wp-content\/uploads\/2024\/11\/1ba9db76cd24747a2d35-2.jpg?resize=300%2C169&amp;ssl=1 300w, https:\/\/i0.wp.com\/pvz-fusion.online\/wp-content\/uploads\/2024\/11\/1ba9db76cd24747a2d35-2.jpg?resize=768%2C432&amp;ssl=1 768w, https:\/\/i0.wp.com\/pvz-fusion.online\/wp-content\/uploads\/2024\/11\/1ba9db76cd24747a2d35-2.jpg?resize=18%2C10&amp;ssl=1 18w\" sizes=\"auto, (max-width: 800px) 100vw, 800px\" \/><\/figure>\n\n\n\n<h2 class=\"wp-block-heading\">Super hybridn\u00ed hern\u00ed re\u017eimy<\/h2>\n\n\n\n<h3 class=\"wp-block-heading\">Standardn\u00ed re\u017eimy<\/h3>\n\n\n\n<ol class=\"wp-block-list\">\n<li>Dobrodru\u017en\u00fd re\u017eim<\/li>\n\n\n\n<li>Re\u017eim p\u0159e\u017eit\u00ed<\/li>\n\n\n\n<li>Re\u017eim v\u00fdzvy<\/li>\n\n\n\n<li>Nekone\u010dn\u00fd re\u017eim<\/li>\n<\/ol>\n\n\n\n<h3 class=\"wp-block-heading\">Exkluzivn\u00ed superhybridn\u00ed re\u017eimy<\/h3>\n\n\n\n<ol class=\"wp-block-list\">\n<li>F\u00fazn\u00ed laborato\u0159<\/li>\n\n\n\n<li>Nejvy\u0161\u0161\u00ed v\u00fdzva<\/li>\n\n\n\n<li>Master Arena<\/li>\n\n\n\n<li>Nejvy\u0161\u0161\u00ed soudy<\/li>\n<\/ol>\n\n\n\n<h2 class=\"wp-block-heading\">Technick\u00e9 po\u017eadavky<\/h2>\n\n\n\n<h3 class=\"wp-block-heading\">Pro PC (pvz hybrid mod pc)<\/h3>\n\n\n\n<ul class=\"wp-block-list\">\n<li>Windows 7\/8\/10<\/li>\n\n\n\n<li>4 GB RAM<\/li>\n\n\n\n<li>1GB \u00falo\u017ei\u0161t\u011b<\/li>\n\n\n\n<li>DirectX 11<\/li>\n<\/ul>\n\n\n\n<h3 class=\"wp-block-heading\">Pro Android (pvz fusion mod android)<\/h3>\n\n\n\n<ul class=\"wp-block-list\">\n<li>Android 6.0+<\/li>\n\n\n\n<li>3 GB RAM<\/li>\n\n\n\n<li>500MB \u00falo\u017ei\u0161t\u011b<\/li>\n<\/ul>\n\n\n\n<h2 class=\"wp-block-heading\">Nejnov\u011bj\u0161\u00ed aktualizace (verze 2.1.4)<\/h2>\n\n\n\n<h3 class=\"wp-block-heading\">Nov\u00e9 funkce<\/h3>\n\n\n\n<ol class=\"wp-block-list\">\n<li>Vylep\u0161en\u00fd syst\u00e9m f\u00faze<\/li>\n\n\n\n<li>Dal\u0161\u00ed super rostliny<\/li>\n\n\n\n<li>Vylep\u0161en\u00e1 grafika<\/li>\n\n\n\n<li>Nov\u00e9 hern\u00ed re\u017eimy<\/li>\n<\/ol>\n\n\n\n<h3 class=\"wp-block-heading\">Zm\u011bny bilance<\/h3>\n\n\n\n<ol class=\"wp-block-list\">\n<li>\u00dapravy v\u00fdkonu<\/li>\n\n\n\n<li>\u00dapravy n\u00e1klad\u016f<\/li>\n\n\n\n<li>Zlep\u0161en\u00ed schopnost\u00ed<\/li>\n\n\n\n<li>\u0160k\u00e1lov\u00e1n\u00ed obt\u00ed\u017enosti zombie<\/li>\n<\/ol>\n\n\n\n<h2 class=\"wp-block-heading\">Tipy pro superhybridn\u00ed mistrovstv\u00ed<\/h2>\n\n\n\n<h3 class=\"wp-block-heading\">Z\u00e1kladn\u00ed strategie<\/h3>\n\n\n\n<ol class=\"wp-block-list\">\n<li>Spr\u00e1va zdroj\u016f<\/li>\n\n\n\n<li>Um\u00edst\u011bn\u00ed rostlin<\/li>\n\n\n\n<li>Na\u010dasov\u00e1n\u00ed f\u00faze<\/li>\n\n\n\n<li>\u00daspora energie<\/li>\n<\/ol>\n\n\n\n<h3 class=\"wp-block-heading\">Pokro\u010dil\u00e9 techniky<\/h3>\n\n\n\n<ol class=\"wp-block-list\">\n<li>Multif\u00fazn\u00ed kombinace<\/li>\n\n\n\n<li>Strategick\u00fd v\u00fdvoj rostlin<\/li>\n\n\n\n<li>Vyu\u017eit\u00ed nap\u00e1jec\u00ed \u0161pi\u010dky<\/li>\n\n\n\n<li>Optimalizace obrany<\/li>\n<\/ol>\n\n\n\n<h2 class=\"wp-block-heading\">\u010casto kladen\u00e9 ot\u00e1zky o funkc\u00edch Super Hybrid<\/h2>\n\n\n\n<ol class=\"wp-block-list\">\n<li><strong>Ot\u00e1zka: Jak se Super Hybrid li\u0161\u00ed od f\u00fazn\u00edho hybridu pvz?<\/strong><br>Odpov\u011b\u010f: Super Hybrid nab\u00edz\u00ed neomezen\u00e9 kombinace rostlin a vylep\u0161en\u00e9 schopnosti.<\/li>\n\n\n\n<li><strong>Ot\u00e1zka: Mohu prov\u00e9st upgrade z b\u011b\u017en\u00e9ho hybridn\u00edho modelu pvz fusion?<\/strong><br>Odpov\u011b\u010f: Ano, prost\u0159ednictv\u00edm ofici\u00e1ln\u00edho procesu stahov\u00e1n\u00ed modifikace pvz fusion.<\/li>\n\n\n\n<li><strong>Ot\u00e1zka: Je Super Hybrid k dispozici na pvz fusion android?<\/strong><br>Odpov\u011b\u010f: Ano, prost\u0159ednictv\u00edm nejnov\u011bj\u0161\u00ed apk pvz fusion mod.<\/li>\n<\/ol>\n\n\n\n<h2 class=\"wp-block-heading\">Budouc\u00ed v\u00fdvoj<\/h2>\n\n\n\n<h3 class=\"wp-block-heading\">Nadch\u00e1zej\u00edc\u00ed funkce<\/h3>\n\n\n\n<ol class=\"wp-block-list\">\n<li>Nov\u00e9 superhybridn\u00ed rostliny<\/li>\n\n\n\n<li>Vylep\u0161en\u00e1 mechanika f\u00faze<\/li>\n\n\n\n<li>Dal\u0161\u00ed hern\u00ed re\u017eimy<\/li>\n\n\n\n<li>Vylep\u0161en\u00e9 funkce pro v\u00edce hr\u00e1\u010d\u016f<\/li>\n<\/ol>\n\n\n\n<h3 class=\"wp-block-heading\">Pl\u00e1n v\u00fdvoje<\/h3>\n\n\n\n<ul class=\"wp-block-list\">\n<li>Pravideln\u00e9 aktualizace<\/li>\n\n\n\n<li>Funkce komunity<\/li>\n\n\n\n<li>Vylep\u0161en\u00e1 grafika<\/li>\n\n\n\n<li>Nov\u00e9 kombinace rostlin<\/li>\n<\/ul>\n\n\n\n<h2 class=\"wp-block-heading\">Z\u00e1v\u011br<\/h2>\n\n\n\n<p>Hra PVZ Super Hybrid p\u0159edstavuje vrchol hern\u00ed f\u00faze Plants vs Zombies a nab\u00edz\u00ed bezkonkuren\u010dn\u00ed hloubku a strategick\u00e9 mo\u017enosti. A\u0165 u\u017e hrajete na pc nebo androidu, syst\u00e9m Super Hybrid poskytuje vylep\u0161en\u00fd hern\u00ed z\u00e1\u017eitek, kter\u00fd stav\u00ed na pevn\u00fdch z\u00e1kladech modifikace PVZ Fusion a z\u00e1rove\u0148 p\u0159in\u00e1\u0161\u00ed nov\u00e9 revolu\u010dn\u00ed funkce.<\/p>\n\n\n\n<p>Nezapome\u0148te v\u017edy stahovat z ofici\u00e1ln\u00edch zdroj\u016f, jako je https:\/\/pvz-fusion.online\/, abyste z\u00edskali co nejbezpe\u010dn\u011bj\u0161\u00ed a nej\u00fapln\u011bj\u0161\u00ed zku\u0161enosti.<\/p>","protected":false},"excerpt":{"rendered":"<p>\u00davod do syst\u00e9mu Super Hybrid Syst\u00e9m PVZ Super Hybrid p\u0159edstavuje nejpokro\u010dilej\u0161\u00ed evoluci hry Plants vs Zombies fusion, kter\u00e1 kombinuje prvky z m\u00f3du pvz fusion a p\u0159id\u00e1v\u00e1 exkluzivn\u00ed funkce super hybridu. Tato vylep\u0161en\u00e1 verze stav\u00ed na z\u00e1kladech hybridn\u00ed pvz fusion a z\u00e1rove\u0148 zav\u00e1d\u00ed revolu\u010dn\u00ed hern\u00ed mechaniky. Srovn\u00e1vac\u00ed tabulka Super Hybrid vs. Regular Fusion [...]<\/p>","protected":false},"author":1,"featured_media":70,"parent":0,"menu_order":0,"comment_status":"closed","ping_status":"closed","template":"","meta":{"footnotes":""},"class_list":["post-65","page","type-page","status-publish","has-post-thumbnail","hentry"],"jetpack_sharing_enabled":true,"_links":{"self":[{"href":"https:\/\/pvz-fusion.online\/cs\/wp-json\/wp\/v2\/pages\/65","targetHints":{"allow":["GET"]}}],"collection":[{"href":"https:\/\/pvz-fusion.online\/cs\/wp-json\/wp\/v2\/pages"}],"about":[{"href":"https:\/\/pvz-fusion.online\/cs\/wp-json\/wp\/v2\/types\/page"}],"author":[{"embeddable":true,"href":"https:\/\/pvz-fusion.online\/cs\/wp-json\/wp\/v2\/users\/1"}],"replies":[{"embeddable":true,"href":"https:\/\/pvz-fusion.online\/cs\/wp-json\/wp\/v2\/comments?post=65"}],"version-history":[{"count":1,"href":"https:\/\/pvz-fusion.online\/cs\/wp-json\/wp\/v2\/pages\/65\/revisions"}],"predecessor-version":[{"id":72,"href":"https:\/\/pvz-fusion.online\/cs\/wp-json\/wp\/v2\/pages\/65\/revisions\/72"}],"wp:featuredmedia":[{"embeddable":true,"href":"https:\/\/pvz-fusion.online\/cs\/wp-json\/wp\/v2\/media\/70"}],"wp:attachment":[{"href":"https:\/\/pvz-fusion.online\/cs\/wp-json\/wp\/v2\/media?parent=65"}],"curies":[{"name":"wp","href":"https:\/\/api.w.org\/{rel}","templated":true}]}}